{"id":322,"date":"2014-06-27T17:02:34","date_gmt":"2014-06-27T17:02:34","guid":{"rendered":"http:\/\/elriberodelangre.com\/?page_id=322"},"modified":"2024-02-19T10:01:33","modified_gmt":"2024-02-19T10:01:33","slug":"condiciones-2","status":"publish","type":"page","link":"https:\/\/elriberodelangre.com\/de\/condiciones-2\/","title":{"rendered":"Condiciones"},"content":{"rendered":"<p><!--:es--><strong>Entrada<\/strong><br \/>\nDe 15:00 a 20:00<br \/>\n<strong>Salida<\/strong><br \/>\nDe 08:00 a 12:00<br \/>\n<strong>Condiciones sobre ni\u00f1os y camas supletorias<\/strong><br \/>\nPueden alojarse ni\u00f1os de todas las edades.<br \/>\n\u00a1Gratis! 1 menor de 2 a\u00f1o(s) se puede alojar gratis utilizando las camas existentes.<br \/>\n1 ni\u00f1o mayor de esa edad o adulto se puede alojar por 24 EUR por persona y noche en una cama supletoria.<br \/>\nN\u00famero m\u00e1ximo de camas supletorias \/ cunas en la habitaci\u00f3n: 1.<br \/>\n<strong>Mascotas<\/strong><br \/>\nNo se admiten.<\/p>\n<p><!--:--><!--:en--><strong>Check-in<br \/>\n<\/strong>15:00 &#8211; 20:00 hours<br \/>\n<strong>Check-out<\/strong><br \/>\n08:00 &#8211; 12:00 hours<br \/>\n<strong>Children and extra beds<\/strong><br \/>\nAll children are welcome.<br \/>\nFree! One child under 2 years stays free of charge when using existing beds.<br \/>\nOne older child or adult is charged EUR 24 per person per night in an extra bed.<br \/>\nThe maximum number of extra beds\/children&#8217;s cots permitted in a room is 1.<br \/>\n<strong>Pets<\/strong><br \/>\nPets are not allowed.<\/p>\n<p><!--:--><!--:fr--><strong>Arriv\u00e9e <\/strong><br \/>\n15h00 &#8211; 20h00<br \/>\n<strong>D\u00e9part<\/strong><br \/>\n8h00 &#8211; 12h00<br \/>\n<strong>Enfants et lits d&#8217;appoint<\/strong><br \/>\nTous les enfants sont les bienvenus.<br \/>\nGratuit ! Un enfant de moins de 2 an(s) s\u00e9journe \u00e0 titre gracieux pour l&#8217;utilisation de la literie disponible.<br \/>\nUn enfant plus \u00e2g\u00e9 ou adulte est factur\u00e9 24 EUR par nuit et par personne pour l&#8217;utilisation d&#8217;un lit d&#8217;appoint.<br \/>\nLe nombre maximum de lit d&#8217;appoint ou de lit b\u00e9b\u00e9 en chambre est \u00e9gal \u00e0 1.<br \/>\n<strong>Animaux domestiques<\/strong><br \/>\nLes animaux de compagnie ne sont pas admis au sein de l&#8217;\u00e9tablissement.<\/p>\n<p><!--:--><!--:de--><strong>Anreise<\/strong><br \/>\n15:00 &#8211; 20:00 Uhr<br \/>\n<strong>Abreise<\/strong><br \/>\n08:00 &#8211; 12:00 Uhr<br \/>\n<strong>Kinder und Zustellbetten<\/strong><br \/>\nAlle Kinder sind willkommen.<br \/>\nKostenlos! Ein Kind unter 2 Jahren zahlt keinen Aufpreis in einem der vorhandenen Betten.<br \/>\nEin \u00e4lteres Kind oder Erwachsener zahlt EUR 24 pro Nacht und Person f\u00fcr ein Zustellbett.<br \/>\nDie Zimmer bieten Platz f\u00fcr maximal ein Zustellbett\/Babybett.<br \/>\n<strong>Haustiere<\/strong><br \/>\nHaustiere sind nicht gestattet.<br \/>\n<!--:--><\/p>\n","protected":false},"excerpt":{"rendered":"<p>Entrada De 15:00 a 20:00 Salida De 08:00 a 12:00 Condiciones sobre ni\u00f1os y camas supletorias Pueden alojarse ni\u00f1os de todas las edades. \u00a1Gratis! 1 menor de 2 a\u00f1o(s) se puede alojar gratis utilizando las camas existentes. 1 ni\u00f1o mayor de esa edad o adulto se puede alojar por 24 EUR por persona y noche [&hellip;]<\/p>\n","protected":false},"author":1,"featured_media":0,"parent":0,"menu_order":0,"comment_status":"closed","ping_status":"closed","template":"","meta":{"footnotes":""},"class_list":["post-322","page","type-page","status-publish","hentry"],"_links":{"self":[{"href":"https:\/\/elriberodelangre.com\/de\/wp-json\/wp\/v2\/pages\/322","targetHints":{"allow":["GET"]}}],"collection":[{"href":"https:\/\/elriberodelangre.com\/de\/wp-json\/wp\/v2\/pages"}],"about":[{"href":"https:\/\/elriberodelangre.com\/de\/wp-json\/wp\/v2\/types\/page"}],"author":[{"embeddable":true,"href":"https:\/\/elriberodelangre.com\/de\/wp-json\/wp\/v2\/users\/1"}],"replies":[{"embeddable":true,"href":"https:\/\/elriberodelangre.com\/de\/wp-json\/wp\/v2\/comments?post=322"}],"version-history":[{"count":0,"href":"https:\/\/elriberodelangre.com\/de\/wp-json\/wp\/v2\/pages\/322\/revisions"}],"wp:attachment":[{"href":"https:\/\/elriberodelangre.com\/de\/wp-json\/wp\/v2\/media?parent=322"}],"curies":[{"name":"wp","href":"https:\/\/api.w.org\/{rel}","templated":true}]}}