{"id":36,"date":"2014-06-10T12:58:54","date_gmt":"2014-06-10T12:58:54","guid":{"rendered":"http:\/\/elriberodelangre.com\/wp\/?page_id=36"},"modified":"2020-06-01T07:52:11","modified_gmt":"2020-06-01T07:52:11","slug":"el-hotel-2","status":"publish","type":"page","link":"https:\/\/elriberodelangre.com\/de\/el-hotel-2\/","title":{"rendered":"EL HOTEL"},"content":{"rendered":"<p><!--:es--><\/p>\n\r\n\t\t<style type='text\/css'>\r\n\t\t\t#gallery-1 {\r\n\t\t\t\tmargin: auto;\r\n\t\t\t}\r\n\t\t\t#gallery-1 .gallery-item {\r\n\t\t\t\tfloat: left;\r\n\t\t\t\tmargin-top: 10px;\r\n\t\t\t\ttext-align: center;\r\n\t\t\t\twidth: 25%;\r\n\t\t\t}\r\n\t\t\t#gallery-1 img {\r\n\t\t\t\tborder: 2px solid #cfcfcf;\r\n\t\t\t}\r\n\t\t\t#gallery-1 .gallery-caption {\r\n\t\t\t\tmargin-left: 0;\r\n\t\t\t}\r\n\t\t\t\/* see gallery_shortcode() in wp-includes\/media.php *\/\r\n\t\t<\/style>\n\t\t<div id='gallery-1' class='gallery galleryid-36 gallery-columns-4 gallery-size-thumbnail'><dl class='gallery-item'>\r\n\t\t\t<dt class='gallery-icon landscape'>\r\n\t\t\t\t<img loading=\"lazy\" decoding=\"async\" width=\"150\" height=\"150\" src=\"https:\/\/www.elriberodelangre.com\/wp-content\/uploads\/2014\/06\/image45-150x150.jpeg\" class=\"attachment-thumbnail size-thumbnail\" alt=\"\" srcset=\"https:\/\/www.elriberodelangre.com\/wp-content\/uploads\/2014\/06\/image45-150x150.jpeg 150w, https:\/\/www.elriberodelangre.com\/wp-content\/uploads\/2014\/06\/image45-300x300.jpeg 300w, https:\/\/www.elriberodelangre.com\/wp-content\/uploads\/2014\/06\/image45-480x480.jpeg 480w, https:\/\/www.elriberodelangre.com\/wp-content\/uploads\/2014\/06\/image45-1x1.jpeg 1w\" sizes=\"auto, (max-width: 150px) 100vw, 150px\" \/>\r\n\t\t\t<\/dt><\/dl><dl class='gallery-item'>\r\n\t\t\t<dt class='gallery-icon landscape'>\r\n\t\t\t\t<img loading=\"lazy\" decoding=\"async\" width=\"150\" height=\"150\" src=\"https:\/\/www.elriberodelangre.com\/wp-content\/uploads\/2014\/06\/image13-150x150.jpeg\" class=\"attachment-thumbnail size-thumbnail\" alt=\"\" srcset=\"https:\/\/www.elriberodelangre.com\/wp-content\/uploads\/2014\/06\/image13-150x150.jpeg 150w, https:\/\/www.elriberodelangre.com\/wp-content\/uploads\/2014\/06\/image13-300x300.jpeg 300w, https:\/\/www.elriberodelangre.com\/wp-content\/uploads\/2014\/06\/image13-480x480.jpeg 480w, https:\/\/www.elriberodelangre.com\/wp-content\/uploads\/2014\/06\/image13-1x1.jpeg 1w\" sizes=\"auto, (max-width: 150px) 100vw, 150px\" \/>\r\n\t\t\t<\/dt><\/dl><dl class='gallery-item'>\r\n\t\t\t<dt class='gallery-icon landscape'>\r\n\t\t\t\t<img loading=\"lazy\" decoding=\"async\" width=\"150\" height=\"150\" src=\"https:\/\/www.elriberodelangre.com\/wp-content\/uploads\/2014\/06\/riberodelangre-4-150x150.jpg\" class=\"attachment-thumbnail size-thumbnail\" alt=\"\" srcset=\"https:\/\/www.elriberodelangre.com\/wp-content\/uploads\/2014\/06\/riberodelangre-4-150x150.jpg 150w, https:\/\/www.elriberodelangre.com\/wp-content\/uploads\/2014\/06\/riberodelangre-4-300x300.jpg 300w, https:\/\/www.elriberodelangre.com\/wp-content\/uploads\/2014\/06\/riberodelangre-4-480x480.jpg 480w, https:\/\/www.elriberodelangre.com\/wp-content\/uploads\/2014\/06\/riberodelangre-4-1x1.jpg 1w\" sizes=\"auto, (max-width: 150px) 100vw, 150px\" \/>\r\n\t\t\t<\/dt><\/dl><dl class='gallery-item'>\r\n\t\t\t<dt class='gallery-icon landscape'>\r\n\t\t\t\t<img loading=\"lazy\" decoding=\"async\" width=\"150\" height=\"150\" src=\"https:\/\/www.elriberodelangre.com\/wp-content\/uploads\/2014\/06\/riberodelangre-2-150x150.jpg\" class=\"attachment-thumbnail size-thumbnail\" alt=\"\" srcset=\"https:\/\/www.elriberodelangre.com\/wp-content\/uploads\/2014\/06\/riberodelangre-2-150x150.jpg 150w, https:\/\/www.elriberodelangre.com\/wp-content\/uploads\/2014\/06\/riberodelangre-2-300x300.jpg 300w, https:\/\/www.elriberodelangre.com\/wp-content\/uploads\/2014\/06\/riberodelangre-2-480x480.jpg 480w, https:\/\/www.elriberodelangre.com\/wp-content\/uploads\/2014\/06\/riberodelangre-2-1x1.jpg 1w\" sizes=\"auto, (max-width: 150px) 100vw, 150px\" \/>\r\n\t\t\t<\/dt><\/dl><br style=\"clear: both\" \/><dl class='gallery-item'>\r\n\t\t\t<dt class='gallery-icon landscape'>\r\n\t\t\t\t<img loading=\"lazy\" decoding=\"async\" width=\"150\" height=\"150\" src=\"https:\/\/www.elriberodelangre.com\/wp-content\/uploads\/2014\/06\/SAM_0091-150x150.png\" class=\"attachment-thumbnail size-thumbnail\" alt=\"\" srcset=\"https:\/\/www.elriberodelangre.com\/wp-content\/uploads\/2014\/06\/SAM_0091-150x150.png 150w, https:\/\/www.elriberodelangre.com\/wp-content\/uploads\/2014\/06\/SAM_0091-300x300.png 300w, https:\/\/www.elriberodelangre.com\/wp-content\/uploads\/2014\/06\/SAM_0091-480x480.png 480w, https:\/\/www.elriberodelangre.com\/wp-content\/uploads\/2014\/06\/SAM_0091-1x1.png 1w\" sizes=\"auto, (max-width: 150px) 100vw, 150px\" \/>\r\n\t\t\t<\/dt><\/dl><dl class='gallery-item'>\r\n\t\t\t<dt class='gallery-icon landscape'>\r\n\t\t\t\t<img loading=\"lazy\" decoding=\"async\" width=\"150\" height=\"150\" src=\"https:\/\/www.elriberodelangre.com\/wp-content\/uploads\/2014\/06\/DSC_0165-150x150.png\" class=\"attachment-thumbnail size-thumbnail\" alt=\"\" srcset=\"https:\/\/www.elriberodelangre.com\/wp-content\/uploads\/2014\/06\/DSC_0165-150x150.png 150w, https:\/\/www.elriberodelangre.com\/wp-content\/uploads\/2014\/06\/DSC_0165-300x300.png 300w, https:\/\/www.elriberodelangre.com\/wp-content\/uploads\/2014\/06\/DSC_0165-480x480.png 480w, https:\/\/www.elriberodelangre.com\/wp-content\/uploads\/2014\/06\/DSC_0165-1x1.png 1w\" sizes=\"auto, (max-width: 150px) 100vw, 150px\" \/>\r\n\t\t\t<\/dt><\/dl><dl class='gallery-item'>\r\n\t\t\t<dt class='gallery-icon landscape'>\r\n\t\t\t\t<img loading=\"lazy\" decoding=\"async\" width=\"150\" height=\"150\" src=\"https:\/\/www.elriberodelangre.com\/wp-content\/uploads\/2014\/06\/ribero-delangre-01-150x150.jpg\" class=\"attachment-thumbnail size-thumbnail\" alt=\"\" srcset=\"https:\/\/www.elriberodelangre.com\/wp-content\/uploads\/2014\/06\/ribero-delangre-01-150x150.jpg 150w, https:\/\/www.elriberodelangre.com\/wp-content\/uploads\/2014\/06\/ribero-delangre-01-300x300.jpg 300w, https:\/\/www.elriberodelangre.com\/wp-content\/uploads\/2014\/06\/ribero-delangre-01-480x480.jpg 480w, https:\/\/www.elriberodelangre.com\/wp-content\/uploads\/2014\/06\/ribero-delangre-01-1x1.jpg 1w\" sizes=\"auto, (max-width: 150px) 100vw, 150px\" \/>\r\n\t\t\t<\/dt><\/dl><dl class='gallery-item'>\r\n\t\t\t<dt class='gallery-icon landscape'>\r\n\t\t\t\t<img loading=\"lazy\" decoding=\"async\" width=\"150\" height=\"150\" src=\"https:\/\/www.elriberodelangre.com\/wp-content\/uploads\/2014\/06\/somo-150x150.png\" class=\"attachment-thumbnail size-thumbnail\" alt=\"\" srcset=\"https:\/\/www.elriberodelangre.com\/wp-content\/uploads\/2014\/06\/somo-150x150.png 150w, https:\/\/www.elriberodelangre.com\/wp-content\/uploads\/2014\/06\/somo-300x300.png 300w, https:\/\/www.elriberodelangre.com\/wp-content\/uploads\/2014\/06\/somo-480x480.png 480w, https:\/\/www.elriberodelangre.com\/wp-content\/uploads\/2014\/06\/somo-1x1.png 1w\" sizes=\"auto, (max-width: 150px) 100vw, 150px\" \/>\r\n\t\t\t<\/dt><\/dl><br style=\"clear: both\" \/><\/div>\n\n<p>Das Hotel Ribero de Langre ist ein neues Geb\u00e4ude (2011) in der K\u00fcstenstadt Langre in Kantabrien.<\/p>\n<p>Umgeben von einer unvergleichlichen nat\u00fcrlichen Umgebung bietet das Hotel einen spektakul\u00e4ren Blick auf die Umgebung.<\/p>\n<p>Nur wenige Meter von den Klippen von Llaranza und von der Terrasse aller unserer Zimmer entfernt k\u00f6nnen Sie die Sch\u00f6nheit der kantabrischen K\u00fcste sowie die Santander Bay genie\u00dfen, die mehrfach als eine der sch\u00f6nsten der Welt ausgezeichnet wurde.<\/p>\n<p>Mit dem Sonnenaufgang \u00fcber dem Kantabrischen Meer aufzuwachen oder die traumhaften Sonnenunterg\u00e4nge voller Magie und lebendiger Farben zu genie\u00dfen, w\u00e4hrend die Sonne hinter der Bucht von Santander untergeht, ist eine unvergleichliche Erfahrung, die wir Ihnen zur Verf\u00fcgung stellen.<\/p>\n<p><!--:--><\/p>\n","protected":false},"excerpt":{"rendered":"<p>Das Hotel Ribero de Langre ist ein neues Geb\u00e4ude (2011) in der K\u00fcstenstadt Langre in Kantabrien. Umgeben von einer unvergleichlichen nat\u00fcrlichen Umgebung bietet das Hotel einen spektakul\u00e4ren Blick auf die Umgebung. Nur wenige Meter von den Klippen von Llaranza und von der Terrasse aller unserer Zimmer entfernt k\u00f6nnen Sie die Sch\u00f6nheit der kantabrischen K\u00fcste sowie [&hellip;]<\/p>\n","protected":false},"author":1,"featured_media":0,"parent":0,"menu_order":0,"comment_status":"open","ping_status":"open","template":"","meta":{"footnotes":""},"class_list":["post-36","page","type-page","status-publish","hentry"],"_links":{"self":[{"href":"https:\/\/elriberodelangre.com\/de\/wp-json\/wp\/v2\/pages\/36","targetHints":{"allow":["GET"]}}],"collection":[{"href":"https:\/\/elriberodelangre.com\/de\/wp-json\/wp\/v2\/pages"}],"about":[{"href":"https:\/\/elriberodelangre.com\/de\/wp-json\/wp\/v2\/types\/page"}],"author":[{"embeddable":true,"href":"https:\/\/elriberodelangre.com\/de\/wp-json\/wp\/v2\/users\/1"}],"replies":[{"embeddable":true,"href":"https:\/\/elriberodelangre.com\/de\/wp-json\/wp\/v2\/comments?post=36"}],"version-history":[{"count":0,"href":"https:\/\/elriberodelangre.com\/de\/wp-json\/wp\/v2\/pages\/36\/revisions"}],"wp:attachment":[{"href":"https:\/\/elriberodelangre.com\/de\/wp-json\/wp\/v2\/media?parent=36"}],"curies":[{"name":"wp","href":"https:\/\/api.w.org\/{rel}","templated":true}]}}