{"id":289,"date":"2014-06-26T09:41:04","date_gmt":"2014-06-26T09:41:04","guid":{"rendered":"http:\/\/elriberodelangre.com\/wp\/?page_id=289"},"modified":"2026-04-23T20:00:51","modified_gmt":"2026-04-23T20:00:51","slug":"lashabitaciones","status":"publish","type":"page","link":"https:\/\/elriberodelangre.com\/en\/lashabitaciones\/","title":{"rendered":"HABITACIONES"},"content":{"rendered":"\r\n\t\t<style type='text\/css'>\r\n\t\t\t#gallery-1 {\r\n\t\t\t\tmargin: auto;\r\n\t\t\t}\r\n\t\t\t#gallery-1 .gallery-item {\r\n\t\t\t\tfloat: left;\r\n\t\t\t\tmargin-top: 10px;\r\n\t\t\t\ttext-align: center;\r\n\t\t\t\twidth: 25%;\r\n\t\t\t}\r\n\t\t\t#gallery-1 img {\r\n\t\t\t\tborder: 2px solid #cfcfcf;\r\n\t\t\t}\r\n\t\t\t#gallery-1 .gallery-caption {\r\n\t\t\t\tmargin-left: 0;\r\n\t\t\t}\r\n\t\t\t\/* see gallery_shortcode() in wp-includes\/media.php *\/\r\n\t\t<\/style>\n\t\t<div id='gallery-1' class='gallery galleryid-289 gallery-columns-4 gallery-size-thumbnail'><dl class='gallery-item'>\r\n\t\t\t<dt class='gallery-icon landscape'>\r\n\t\t\t\t<img loading=\"lazy\" decoding=\"async\" width=\"150\" height=\"150\" src=\"https:\/\/www.elriberodelangre.com\/wp-content\/uploads\/2026\/04\/DSC_0224-300x300-1-150x150.png\" class=\"attachment-thumbnail size-thumbnail\" alt=\"\" srcset=\"https:\/\/www.elriberodelangre.com\/wp-content\/uploads\/2026\/04\/DSC_0224-300x300-1-150x150.png 150w, https:\/\/www.elriberodelangre.com\/wp-content\/uploads\/2026\/04\/DSC_0224-300x300-1-1x1.png 1w, https:\/\/www.elriberodelangre.com\/wp-content\/uploads\/2026\/04\/DSC_0224-300x300-1.png 300w\" sizes=\"auto, (max-width: 150px) 100vw, 150px\" \/>\r\n\t\t\t<\/dt><\/dl><dl class='gallery-item'>\r\n\t\t\t<dt class='gallery-icon landscape'>\r\n\t\t\t\t<img loading=\"lazy\" decoding=\"async\" width=\"150\" height=\"150\" src=\"https:\/\/www.elriberodelangre.com\/wp-content\/uploads\/2026\/04\/DSC_0183-300x300-1-150x150.png\" class=\"attachment-thumbnail size-thumbnail\" alt=\"\" srcset=\"https:\/\/www.elriberodelangre.com\/wp-content\/uploads\/2026\/04\/DSC_0183-300x300-1-150x150.png 150w, https:\/\/www.elriberodelangre.com\/wp-content\/uploads\/2026\/04\/DSC_0183-300x300-1-1x1.png 1w, https:\/\/www.elriberodelangre.com\/wp-content\/uploads\/2026\/04\/DSC_0183-300x300-1.png 300w\" sizes=\"auto, (max-width: 150px) 100vw, 150px\" \/>\r\n\t\t\t<\/dt><\/dl><dl class='gallery-item'>\r\n\t\t\t<dt class='gallery-icon landscape'>\r\n\t\t\t\t<img loading=\"lazy\" decoding=\"async\" width=\"150\" height=\"150\" src=\"https:\/\/www.elriberodelangre.com\/wp-content\/uploads\/2026\/04\/riberodelangre-7-300x300-1-150x150.jpg\" class=\"attachment-thumbnail size-thumbnail\" alt=\"\" srcset=\"https:\/\/www.elriberodelangre.com\/wp-content\/uploads\/2026\/04\/riberodelangre-7-300x300-1-150x150.jpg 150w, https:\/\/www.elriberodelangre.com\/wp-content\/uploads\/2026\/04\/riberodelangre-7-300x300-1-1x1.jpg 1w, https:\/\/www.elriberodelangre.com\/wp-content\/uploads\/2026\/04\/riberodelangre-7-300x300-1.jpg 300w\" sizes=\"auto, (max-width: 150px) 100vw, 150px\" \/>\r\n\t\t\t<\/dt><\/dl><dl class='gallery-item'>\r\n\t\t\t<dt class='gallery-icon landscape'>\r\n\t\t\t\t<img loading=\"lazy\" decoding=\"async\" width=\"150\" height=\"150\" src=\"https:\/\/www.elriberodelangre.com\/wp-content\/uploads\/2026\/04\/riberodelangre-6-300x300-1-150x150.jpg\" class=\"attachment-thumbnail size-thumbnail\" alt=\"\" srcset=\"https:\/\/www.elriberodelangre.com\/wp-content\/uploads\/2026\/04\/riberodelangre-6-300x300-1-150x150.jpg 150w, https:\/\/www.elriberodelangre.com\/wp-content\/uploads\/2026\/04\/riberodelangre-6-300x300-1-1x1.jpg 1w, https:\/\/www.elriberodelangre.com\/wp-content\/uploads\/2026\/04\/riberodelangre-6-300x300-1.jpg 300w\" sizes=\"auto, (max-width: 150px) 100vw, 150px\" \/>\r\n\t\t\t<\/dt><\/dl><br style=\"clear: both\" \/><dl class='gallery-item'>\r\n\t\t\t<dt class='gallery-icon landscape'>\r\n\t\t\t\t<img loading=\"lazy\" decoding=\"async\" width=\"150\" height=\"150\" src=\"https:\/\/www.elriberodelangre.com\/wp-content\/uploads\/2026\/04\/riberodelangre-5-300x300-1-150x150.jpg\" class=\"attachment-thumbnail size-thumbnail\" alt=\"\" srcset=\"https:\/\/www.elriberodelangre.com\/wp-content\/uploads\/2026\/04\/riberodelangre-5-300x300-1-150x150.jpg 150w, https:\/\/www.elriberodelangre.com\/wp-content\/uploads\/2026\/04\/riberodelangre-5-300x300-1-1x1.jpg 1w, https:\/\/www.elriberodelangre.com\/wp-content\/uploads\/2026\/04\/riberodelangre-5-300x300-1.jpg 300w\" sizes=\"auto, (max-width: 150px) 100vw, 150px\" \/>\r\n\t\t\t<\/dt><\/dl><dl class='gallery-item'>\r\n\t\t\t<dt class='gallery-icon landscape'>\r\n\t\t\t\t<img loading=\"lazy\" decoding=\"async\" width=\"150\" height=\"150\" src=\"https:\/\/www.elriberodelangre.com\/wp-content\/uploads\/2026\/04\/image64-300x300-1-150x150.jpeg\" class=\"attachment-thumbnail size-thumbnail\" alt=\"\" srcset=\"https:\/\/www.elriberodelangre.com\/wp-content\/uploads\/2026\/04\/image64-300x300-1-150x150.jpeg 150w, https:\/\/www.elriberodelangre.com\/wp-content\/uploads\/2026\/04\/image64-300x300-1-1x1.jpeg 1w, https:\/\/www.elriberodelangre.com\/wp-content\/uploads\/2026\/04\/image64-300x300-1.jpeg 300w\" sizes=\"auto, (max-width: 150px) 100vw, 150px\" \/>\r\n\t\t\t<\/dt><\/dl><dl class='gallery-item'>\r\n\t\t\t<dt class='gallery-icon landscape'>\r\n\t\t\t\t<img loading=\"lazy\" decoding=\"async\" width=\"150\" height=\"150\" src=\"https:\/\/www.elriberodelangre.com\/wp-content\/uploads\/2026\/04\/image48-300x300-1-150x150.jpeg\" class=\"attachment-thumbnail size-thumbnail\" alt=\"\" srcset=\"https:\/\/www.elriberodelangre.com\/wp-content\/uploads\/2026\/04\/image48-300x300-1-150x150.jpeg 150w, https:\/\/www.elriberodelangre.com\/wp-content\/uploads\/2026\/04\/image48-300x300-1-1x1.jpeg 1w, https:\/\/www.elriberodelangre.com\/wp-content\/uploads\/2026\/04\/image48-300x300-1.jpeg 300w\" sizes=\"auto, (max-width: 150px) 100vw, 150px\" \/>\r\n\t\t\t<\/dt><\/dl><dl class='gallery-item'>\r\n\t\t\t<dt class='gallery-icon landscape'>\r\n\t\t\t\t<img loading=\"lazy\" decoding=\"async\" width=\"150\" height=\"150\" src=\"https:\/\/www.elriberodelangre.com\/wp-content\/uploads\/2026\/04\/HPIM3869-300x300-1-150x150.png\" class=\"attachment-thumbnail size-thumbnail\" alt=\"\" srcset=\"https:\/\/www.elriberodelangre.com\/wp-content\/uploads\/2026\/04\/HPIM3869-300x300-1-150x150.png 150w, https:\/\/www.elriberodelangre.com\/wp-content\/uploads\/2026\/04\/HPIM3869-300x300-1-1x1.png 1w, https:\/\/www.elriberodelangre.com\/wp-content\/uploads\/2026\/04\/HPIM3869-300x300-1.png 300w\" sizes=\"auto, (max-width: 150px) 100vw, 150px\" \/>\r\n\t\t\t<\/dt><\/dl><br style=\"clear: both\" \/><\/div>\n\n<p>&nbsp;<\/p>\n<p>El hotel de nueva construcci\u00f3n, dispone de 12 habitaciones todas ellas exteriores y con vistas al Mar Cant\u00e1brico.<\/p>\n<p>Las habitaciones disponen de balc\u00f3n o terraza, y est\u00e1n totalmente equipadas con:<\/p>\n<p>Calefacci\u00f3n<\/p>\n<p>Ba\u00f1o completo<\/p>\n<p>Secador de pelo<\/p>\n<p>Televisi\u00f3n<\/p>\n<p>WiFi<\/p>\n<p>La quietud y la calma que se respira en el ambiente, le har\u00e1n fundirse con el entorno.<\/p>\n","protected":false},"excerpt":{"rendered":"<p>&nbsp; El hotel de nueva construcci\u00f3n, dispone de 12 habitaciones todas ellas exteriores y con vistas al Mar Cant\u00e1brico. Las habitaciones disponen de balc\u00f3n o terraza, y est\u00e1n totalmente equipadas con: Calefacci\u00f3n Ba\u00f1o completo Secador de pelo Televisi\u00f3n WiFi La quietud y la calma que se respira en el ambiente, le har\u00e1n fundirse con el [&hellip;]<\/p>\n","protected":false},"author":1,"featured_media":0,"parent":0,"menu_order":0,"comment_status":"closed","ping_status":"closed","template":"","meta":{"footnotes":""},"class_list":["post-289","page","type-page","status-publish","hentry"],"_links":{"self":[{"href":"https:\/\/elriberodelangre.com\/en\/wp-json\/wp\/v2\/pages\/289","targetHints":{"allow":["GET"]}}],"collection":[{"href":"https:\/\/elriberodelangre.com\/en\/wp-json\/wp\/v2\/pages"}],"about":[{"href":"https:\/\/elriberodelangre.com\/en\/wp-json\/wp\/v2\/types\/page"}],"author":[{"embeddable":true,"href":"https:\/\/elriberodelangre.com\/en\/wp-json\/wp\/v2\/users\/1"}],"replies":[{"embeddable":true,"href":"https:\/\/elriberodelangre.com\/en\/wp-json\/wp\/v2\/comments?post=289"}],"version-history":[{"count":16,"href":"https:\/\/elriberodelangre.com\/en\/wp-json\/wp\/v2\/pages\/289\/revisions"}],"predecessor-version":[{"id":568,"href":"https:\/\/elriberodelangre.com\/en\/wp-json\/wp\/v2\/pages\/289\/revisions\/568"}],"wp:attachment":[{"href":"https:\/\/elriberodelangre.com\/en\/wp-json\/wp\/v2\/media?parent=289"}],"curies":[{"name":"wp","href":"https:\/\/api.w.org\/{rel}","templated":true}]}}